{"id":3,"date":"2023-03-09T04:28:18","date_gmt":"2023-03-09T04:28:18","guid":{"rendered":"https:\/\/woodrocksolutions.com\/?page_id=3"},"modified":"2023-04-17T15:52:47","modified_gmt":"2023-04-17T15:52:47","slug":"politica-privacidad","status":"publish","type":"page","link":"https:\/\/woodrocksolutions.com\/en\/politica-privacidad\/","title":{"rendered":"Privacy policy"},"content":{"rendered":"<div data-elementor-type=\"wp-page\" data-elementor-id=\"3\" class=\"elementor elementor-3\">\n\t\t\t\t\t\t<section class=\"elementor-section elementor-top-section elementor-element elementor-element-59733bed elementor-section-boxed elementor-section-height-default elementor-section-height-default\" data-id=\"59733bed\" data-element_type=\"section\" data-e-type=\"section\" id=\"Pol\u00edticas\">\n\t\t\t\t\t\t<div class=\"elementor-container elementor-column-gap-default\">\n\t\t\t\t\t<div class=\"elementor-column elementor-col-100 elementor-top-column elementor-element elementor-element-59224a42\" data-id=\"59224a42\" data-element_type=\"column\" data-e-type=\"column\">\n\t\t\t<div class=\"elementor-widget-wrap elementor-element-populated\">\n\t\t\t\t\t\t<div class=\"elementor-element elementor-element-799e25bd elementor-widget elementor-widget-text-editor\" data-id=\"799e25bd\" data-element_type=\"widget\" data-e-type=\"widget\" data-widget_type=\"text-editor.default\">\n\t\t\t\t<div class=\"elementor-widget-container\">\n\t\t\t\t\t\t\t\t\t<p class=\"MsoNormal\" style=\"margin-bottom: 2.4pt; line-height: normal;\"><span style=\"font-size: 18pt; font-style: inherit; font-weight: inherit; background-color: var(--ast-global-color-5); color: var(--ast-global-color-3);\">About us<\/span><\/p>\n<p class=\"MsoNormal\" style=\"margin-bottom: 12pt; line-height: normal;\"><span lang=\"ES-MX\" style=\"font-size: 11.5pt;\">La direcci\u00f3n de nuestra web es: https:\/\/woodrocksolutions.com.<\/span><\/p>\n<p class=\"MsoNormal\" style=\"margin-bottom: 15pt; line-height: normal;\"><span lang=\"ES-MX\" style=\"font-size: 18pt;\">Comments<\/span><\/p>\n<p class=\"MsoNormal\" style=\"margin-bottom: 12pt; line-height: normal;\"><span lang=\"ES-MX\" style=\"font-size: 11.5pt;\">When visitors leave comments on the site, we collect the data displayed in the comment form, as well as the visitor's IP address and browser user agent string to aid spam detection.<\/span><\/p>\n<p class=\"MsoNormal\" style=\"margin-bottom: 12pt; line-height: normal;\"><span lang=\"ES-MX\" style=\"font-size: 11.5pt;\">An anonymous string created from your email address (also called a hash) may be provided to the Gravatar service to see if you are using it. The privacy policy for the Gravatar service is available here: https:\/\/automattic.com\/privacy\/. After approval of your comment, your profile picture is visible to the public in the context of your comment.<\/span><\/p>\n<p class=\"MsoNormal\" style=\"margin-bottom: 15pt; line-height: normal;\"><span lang=\"ES-MX\" style=\"font-size: 18pt;\">Media<\/span><\/p>\n<p class=\"MsoNormal\" style=\"margin-bottom: 12pt; line-height: normal;\"><span lang=\"ES-MX\" style=\"font-size: 11.5pt;\">If you upload images to the web, you should avoid uploading images with location data (GPS EXIF) included. Website visitors can download and extract any location data from images on the website.<\/span><\/p>\n<p class=\"MsoNormal\" style=\"margin-bottom: 15pt; line-height: normal;\"><span lang=\"ES-MX\" style=\"font-size: 18pt;\">Cookies<\/span><\/p>\n<p class=\"MsoNormal\" style=\"margin-bottom: 12pt; line-height: normal;\"><span lang=\"ES-MX\" style=\"font-size: 11.5pt;\">If you leave a comment on our site you can choose to save your name, email address and website in cookies. This is for your convenience, so you don't have to fill in your details again when you leave another comment. These cookies will last for one year.<\/span><\/p>\n<p class=\"MsoNormal\" style=\"margin-bottom: 12pt; line-height: normal;\"><span lang=\"ES-MX\" style=\"font-size: 11.5pt;\">If you have an account and you log in to this site, we will set a temporary cookie to determine if your browser accepts cookies. This cookie does not contain personal data and is deleted when you close the browser.<\/span><\/p>\n<p class=\"MsoNormal\" style=\"margin-bottom: 12pt; line-height: normal;\"><span lang=\"ES-MX\" style=\"font-size: 11.5pt;\">When you sign in, we will also set various cookies to save your login information and screen display options. Access cookies last for two days, and screen options cookies last for one year. If you select \u201cRemember me\u201d, your access will last for two weeks. If you log out of your account, the access cookies will be removed.<\/span><\/p>\n<p class=\"MsoNormal\" style=\"margin-bottom: 12pt; line-height: normal;\"><span lang=\"ES-MX\" style=\"font-size: 11.5pt;\">These websites may collect data about you, use cookies, embed additional third-party tracking, and monitor your interaction with that embedded content, including tracking your interaction with embedded content if you have an account and are logged in to that website.<\/span><\/p>\n<p class=\"MsoNormal\" style=\"margin-bottom: 15pt; line-height: normal;\"><span lang=\"ES-MX\" style=\"font-size: 18pt;\">Embedded content from other websites<\/span><\/p>\n<p class=\"MsoNormal\" style=\"margin-bottom: 12pt; line-height: normal;\"><span lang=\"ES-MX\" style=\"font-size: 11.5pt;\">Articles on this site may include embedded content (eg, videos, images, articles, etc.). Embedded content from other websites behaves in exactly the same way as if the visitor had visited the other website.<\/span><\/p>\n<p class=\"MsoNormal\" style=\"margin-bottom: 12pt; line-height: normal;\"><span lang=\"ES-MX\" style=\"font-size: 11.5pt;\">If you edit or publish an article, an additional cookie will be stored in your browser. This cookie does not include personal data and simply indicates the ID of the article you just edited. Expires after 1 day.<\/span><\/p>\n<p class=\"MsoNormal\" style=\"margin-bottom: 15pt; line-height: normal;\"><span lang=\"ES-MX\" style=\"font-size: 18pt;\">With whom we share your data<\/span><\/p>\n<p class=\"MsoNormal\" style=\"margin-bottom: 12pt; line-height: normal;\"><span lang=\"ES-MX\" style=\"font-size: 11.5pt;\">If you request a password reset, your IP address will be included in the reset email.<\/span><\/p>\n<p class=\"MsoNormal\" style=\"margin-bottom: 15pt; line-height: normal;\"><span lang=\"ES-MX\" style=\"font-size: 18pt;\">How long we keep your data<\/span><\/p>\n<p class=\"MsoNormal\" style=\"margin-bottom: 12pt; line-height: normal;\"><span lang=\"ES-MX\" style=\"font-size: 11.5pt;\">If you leave a comment, the comment and its metadata are retained indefinitely. This is so that we can automatically recognize and approve subsequent comments, instead of keeping them in a moderation queue.<\/span><\/p>\n<p class=\"MsoNormal\" style=\"margin-bottom: 12pt; line-height: normal;\"><span lang=\"ES-MX\" style=\"font-size: 11.5pt;\">For users who register on our website (if any), we also store the personal information they provide in their user profile. All users can view, edit or delete their personal information at any time (except that they cannot change their username). Web administrators can also view and edit that information.<\/span><\/p>\n<p class=\"MsoNormal\" style=\"margin-bottom: 15pt; line-height: normal;\"><span lang=\"ES-MX\" style=\"font-size: 18pt;\">What rights do you have over your data?<\/span><\/p>\n<p class=\"MsoNormal\" style=\"margin-bottom: 12pt; line-height: normal;\"><span lang=\"ES-MX\" style=\"font-size: 11.5pt;\">If you have an account or have left comments on this website, you can request to receive an exported file of the personal data we hold about you, including any data you have provided to us. You can also request that we delete any personal data we hold about you. This does not include any data that we are obliged to keep for administrative, legal or security purposes.<\/span><\/p>\n<p class=\"MsoNormal\" style=\"margin-bottom: 15pt; line-height: normal;\"><span lang=\"ES-MX\" style=\"font-size: 18pt;\">Where your data is sent<\/span><\/p>\n<p class=\"MsoNormal\" style=\"margin-bottom: 12pt; line-height: normal;\"><span lang=\"ES-MX\" style=\"font-size: 11.5pt;\">Visitor comments may be checked by an automatic spam detection service.<\/span><\/p>\n<p>\u00a0<\/p>\n<p class=\"MsoNormal\"><span lang=\"ES-MX\">\u00a0<\/span><\/p>\t\t\t\t\t\t\t\t<\/div>\n\t\t\t\t<\/div>\n\t\t\t\t\t<\/div>\n\t\t<\/div>\n\t\t\t\t\t<\/div>\n\t\t<\/section>\n\t\t\t\t<\/div>","protected":false},"excerpt":{"rendered":"<p>Qui\u00e9nes somos La direcci\u00f3n de nuestra web es: https:\/\/woodrocksolutions.com. Comentarios Cuando los visitantes dejan comentarios en la web, recopilamos los datos que se muestran en el formulario de comentarios, as\u00ed como la direcci\u00f3n IP del visitante y la cadena de agentes de usuario del navegador para ayudar a la detecci\u00f3n de spam. Una cadena an\u00f3nima [&hellip;]<\/p>\n","protected":false},"author":1,"featured_media":0,"parent":0,"menu_order":0,"comment_status":"closed","ping_status":"open","template":"","meta":{"site-sidebar-layout":"default","site-content-layout":"","ast-site-content-layout":"default","site-content-style":"default","site-sidebar-style":"default","ast-global-header-display":"","ast-banner-title-visibility":"","ast-main-header-display":"","ast-hfb-above-header-display":"","ast-hfb-below-header-display":"","ast-hfb-mobile-header-display":"","site-post-title":"","ast-breadcrumbs-content":"","ast-featured-img":"","footer-sml-layout":"","ast-disable-related-posts":"","theme-transparent-header-meta":"","adv-header-id-meta":"","stick-header-meta":"","header-above-stick-meta":"","header-main-stick-meta":"","header-below-stick-meta":"","astra-migrate-meta-layouts":"default","ast-page-background-enabled":"default","ast-page-background-meta":{"desktop":{"background-color":"","background-image":"","background-repeat":"repeat","background-position":"center center","background-size":"auto","background-attachment":"scroll","background-type":"","background-media":"","overlay-type":"","overlay-color":"","overlay-opacity":"","overlay-gradient":""},"tablet":{"background-color":"","background-image":"","background-repeat":"repeat","background-position":"center center","background-size":"auto","background-attachment":"scroll","background-type":"","background-media":"","overlay-type":"","overlay-color":"","overlay-opacity":"","overlay-gradient":""},"mobile":{"background-color":"","background-image":"","background-repeat":"repeat","background-position":"center center","background-size":"auto","background-attachment":"scroll","background-type":"","background-media":"","overlay-type":"","overlay-color":"","overlay-opacity":"","overlay-gradient":""}},"ast-content-background-meta":{"desktop":{"background-color":"var(--ast-global-color-5)","background-image":"","background-repeat":"repeat","background-position":"center center","background-size":"auto","background-attachment":"scroll","background-type":"","background-media":"","overlay-type":"","overlay-color":"","overlay-opacity":"","overlay-gradient":""},"tablet":{"background-color":"var(--ast-global-color-5)","background-image":"","background-repeat":"repeat","background-position":"center center","background-size":"auto","background-attachment":"scroll","background-type":"","background-media":"","overlay-type":"","overlay-color":"","overlay-opacity":"","overlay-gradient":""},"mobile":{"background-color":"var(--ast-global-color-5)","background-image":"","background-repeat":"repeat","background-position":"center center","background-size":"auto","background-attachment":"scroll","background-type":"","background-media":"","overlay-type":"","overlay-color":"","overlay-opacity":"","overlay-gradient":""}},"footnotes":""},"class_list":["post-3","page","type-page","status-publish","hentry"],"_links":{"self":[{"href":"https:\/\/woodrocksolutions.com\/en\/wp-json\/wp\/v2\/pages\/3","targetHints":{"allow":["GET"]}}],"collection":[{"href":"https:\/\/woodrocksolutions.com\/en\/wp-json\/wp\/v2\/pages"}],"about":[{"href":"https:\/\/woodrocksolutions.com\/en\/wp-json\/wp\/v2\/types\/page"}],"author":[{"embeddable":true,"href":"https:\/\/woodrocksolutions.com\/en\/wp-json\/wp\/v2\/users\/1"}],"replies":[{"embeddable":true,"href":"https:\/\/woodrocksolutions.com\/en\/wp-json\/wp\/v2\/comments?post=3"}],"version-history":[{"count":9,"href":"https:\/\/woodrocksolutions.com\/en\/wp-json\/wp\/v2\/pages\/3\/revisions"}],"predecessor-version":[{"id":3797,"href":"https:\/\/woodrocksolutions.com\/en\/wp-json\/wp\/v2\/pages\/3\/revisions\/3797"}],"wp:attachment":[{"href":"https:\/\/woodrocksolutions.com\/en\/wp-json\/wp\/v2\/media?parent=3"}],"curies":[{"name":"wp","href":"https:\/\/api.w.org\/{rel}","templated":true}]}}